{"id":2,"date":"2016-05-10T03:48:21","date_gmt":"2016-05-10T03:48:21","guid":{"rendered":"http:\/\/www.chinchillastar.com\/?page_id=2"},"modified":"2021-10-12T10:58:31","modified_gmt":"2021-10-12T10:58:31","slug":"sample-page","status":"publish","type":"page","link":"https:\/\/www.chinchillastar.com\/","title":{"rendered":"CHINCHILLA STAR"},"content":{"rendered":"\n<p>Funky, durchtrieben und auf den Punkt: Nach mehrj\u00e4hriger Schaffenspause sind CHINCHILLA STAR zur\u00fcck. Getrieben von der Energie des Funk, angehaucht vom blauen Atem des Jazz, erf\u00fcllt von der Neugier an den aktuelle Str\u00f6mungen der Dancefloors spricht CHINCHILLA STAR das Vokabular der Clubs. Funk, Soul und Jazz finden sich zu einem unverwechselbaren, mutigen Songwriting auf der H\u00f6he der Zeit zusammen. Der Sound ist warm und pulsierend, und die Besetzung ist ein einziger Gl\u00fccksfall, weil sich hochkar\u00e4tige Individualisten zu einem Team zusammenfinden.<\/p>\n\n\n\n<p>Scharfe Bl\u00e4sers\u00e4tze, eine eingespielte Rhythmussektion und die unique Stimme von Eva Sch\u00e4fer  sind seit jeher die St\u00e4rken der achtk\u00f6pfigen Formation. Die Arrangements entwickeln eine aufregende Spannung zwischen einem Bandpuls einerseits sowie technoid empfundener Sch\u00e4rfe und k\u00fchler Modernit\u00e4t andererseits.&nbsp;Die neuen Kompositionen sind konsequent umgesetzt &#8211; entschieden in ihrer Emotionalit\u00e4t &#8211; und entfalten eine mitrei\u00dfende Wucht. Die Band bewegt sich souver\u00e4n in den geschliffenen Kompositionen von Christoph Jilo und findet dabei Freir\u00e4ume f\u00fcr Spielfreude und Improvisation.<\/p>\n\n\n\n<p>Die CHINCHILLAs haben sich  bundesweit als au\u00dfergew\u00f6hnlicher Liveact profiliert, u. a. beim Minden Jazz Festival als Supportvon \u201eIncognito\u201c, bei \u201eJazz im Stadion\u201c in der Dortmunder BVB-Arena und im Vorprogramm der Funk-Veteranen von \u201eHot Chocolate\u201c. Zuletzt geh\u00f6rte die Band zum Line-up des Wormser \u201eJazz &amp; Joy\u201c-Festivals und ist gern gesehener Gast in der deutschen Live-Szene.<\/p>\n","protected":false},"excerpt":{"rendered":"<p>Funky, durchtrieben und auf den Punkt: Nach mehrj\u00e4hriger Schaffenspause sind CHINCHILLA STAR zur\u00fcck. Getrieben von der Energie des Funk, angehaucht vom blauen Atem des Jazz, erf\u00fcllt von der Neugier an<\/p>\n<p class=\"more-link\"><a href=\"https:\/\/www.chinchillastar.com\/\" class=\"readmore\">Continue reading<span class=\"screen-reader-text\">CHINCHILLA STAR<\/span><\/a><\/p>\n","protected":false},"author":1,"featured_media":0,"parent":0,"menu_order":0,"comment_status":"closed","ping_status":"closed","template":"","meta":{"footnotes":""},"class_list":["post-2","page","type-page","status-publish","hentry"],"_links":{"self":[{"href":"https:\/\/www.chinchillastar.com\/index.php?rest_route=\/wp\/v2\/pages\/2","targetHints":{"allow":["GET"]}}],"collection":[{"href":"https:\/\/www.chinchillastar.com\/index.php?rest_route=\/wp\/v2\/pages"}],"about":[{"href":"https:\/\/www.chinchillastar.com\/index.php?rest_route=\/wp\/v2\/types\/page"}],"author":[{"embeddable":true,"href":"https:\/\/www.chinchillastar.com\/index.php?rest_route=\/wp\/v2\/users\/1"}],"replies":[{"embeddable":true,"href":"https:\/\/www.chinchillastar.com\/index.php?rest_route=%2Fwp%2Fv2%2Fcomments&post=2"}],"version-history":[{"count":8,"href":"https:\/\/www.chinchillastar.com\/index.php?rest_route=\/wp\/v2\/pages\/2\/revisions"}],"predecessor-version":[{"id":120,"href":"https:\/\/www.chinchillastar.com\/index.php?rest_route=\/wp\/v2\/pages\/2\/revisions\/120"}],"wp:attachment":[{"href":"https:\/\/www.chinchillastar.com\/index.php?rest_route=%2Fwp%2Fv2%2Fmedia&parent=2"}],"curies":[{"name":"wp","href":"https:\/\/api.w.org\/{rel}","templated":true}]}}