{"id":42,"date":"2020-11-05T12:30:33","date_gmt":"2020-11-05T12:30:33","guid":{"rendered":"http:\/\/www.chinchillastar.com\/?page_id=42"},"modified":"2022-03-01T16:35:11","modified_gmt":"2022-03-01T16:35:11","slug":"chinchilla-bar","status":"publish","type":"page","link":"https:\/\/www.chinchillastar.com\/?page_id=42","title":{"rendered":"Programme"},"content":{"rendered":"\n<p>Gr\u00f6\u00dfe und Qualit\u00e4t von CHINCHILLA STAR machen es m\u00f6glich, passende Programme f\u00fcr verschiedene Anl\u00e4sse anbieten zu k\u00f6nnen. Die Spannbreite reicht vom Instrumental-Trio bis zur vollen achtk\u00f6pfigen Besetzung. Darin findet sich der richtige Ton f\u00fcr kleine Locations, exklusive Events oder hochkar\u00e4tige Galaveranstaltungen. <\/p>\n\n\n\n<p>CHINCHILLA BAR &#8211; alsTrio, Quartett oder Quintett &#8211; instrumental oder mit Gesang &#8211; als dezenter Live-Hintergrund f\u00fcr Clubs, Bars und Lounges oder auch als Dinner-Jazz m\u00f6glich. Das Programm besteht aus Jazz-Standards, Bossa und Latin, aber auch Klassikern aus dem Funk- und Soulbereich und wird mit Eigenkompositionen angereichert. Im Moment macht beeispielsweise das &#8222;Chinchilla Star Trio&#8220; im zweiw\u00f6chentlichen Youtube-Streaming-Format &#8222;Aktienlust TV&#8220; von sich Reden.<\/p>\n\n\n\n<p>CHINCHILLA GALA &#8211; vom Trio bis zum Octett, instrumental oder mit Gesang, spielt die Band ein astreines Galaprogramm f\u00fcr Feiern oder Events im privaten oder repr\u00e4sentativen Bereich. Daf\u00fcr steht ein breites Repertoire an stimmungsvollen Covers zur Verf\u00fcgung.<\/p>\n\n\n\n<figure class=\"wp-block-embed is-type-video is-provider-youtube wp-block-embed-youtube wp-embed-aspect-16-9 wp-has-aspect-ratio\"><div class=\"wp-block-embed__wrapper\">\n<iframe loading=\"lazy\" title=\"Chinchilla Star - Summertime\" width=\"920\" height=\"518\" src=\"https:\/\/www.youtube.com\/embed\/kA34_oycCfc?feature=oembed\" frameborder=\"0\" allow=\"accelerometer; autoplay; clipboard-write; encrypted-media; gyroscope; picture-in-picture\" allowfullscreen><\/iframe>\n<\/div><figcaption>CHINCHILLA BAR als Quartett &#8211; Summertime (Gesang, Fender Rhodes, Bass, Schlagzeug)<\/figcaption><\/figure>\n\n\n\n<p><\/p>\n","protected":false},"excerpt":{"rendered":"<p>Gr\u00f6\u00dfe und Qualit\u00e4t von CHINCHILLA STAR machen es m\u00f6glich, passende Programme f\u00fcr verschiedene Anl\u00e4sse anbieten zu k\u00f6nnen. Die Spannbreite reicht vom Instrumental-Trio bis zur vollen achtk\u00f6pfigen Besetzung. Darin findet sich<\/p>\n<p class=\"more-link\"><a href=\"https:\/\/www.chinchillastar.com\/?page_id=42\" class=\"readmore\">Continue reading<span class=\"screen-reader-text\">Programme<\/span><\/a><\/p>\n","protected":false},"author":1,"featured_media":0,"parent":0,"menu_order":0,"comment_status":"closed","ping_status":"closed","template":"","meta":{"footnotes":""},"class_list":["post-42","page","type-page","status-publish","hentry"],"_links":{"self":[{"href":"https:\/\/www.chinchillastar.com\/index.php?rest_route=\/wp\/v2\/pages\/42","targetHints":{"allow":["GET"]}}],"collection":[{"href":"https:\/\/www.chinchillastar.com\/index.php?rest_route=\/wp\/v2\/pages"}],"about":[{"href":"https:\/\/www.chinchillastar.com\/index.php?rest_route=\/wp\/v2\/types\/page"}],"author":[{"embeddable":true,"href":"https:\/\/www.chinchillastar.com\/index.php?rest_route=\/wp\/v2\/users\/1"}],"replies":[{"embeddable":true,"href":"https:\/\/www.chinchillastar.com\/index.php?rest_route=%2Fwp%2Fv2%2Fcomments&post=42"}],"version-history":[{"count":7,"href":"https:\/\/www.chinchillastar.com\/index.php?rest_route=\/wp\/v2\/pages\/42\/revisions"}],"predecessor-version":[{"id":138,"href":"https:\/\/www.chinchillastar.com\/index.php?rest_route=\/wp\/v2\/pages\/42\/revisions\/138"}],"wp:attachment":[{"href":"https:\/\/www.chinchillastar.com\/index.php?rest_route=%2Fwp%2Fv2%2Fmedia&parent=42"}],"curies":[{"name":"wp","href":"https:\/\/api.w.org\/{rel}","templated":true}]}}